{"id":693,"date":"2018-06-07T06:37:42","date_gmt":"2018-06-07T06:37:42","guid":{"rendered":"http:\/\/givensolutions.net\/?page_id=693"},"modified":"2020-06-08T06:06:00","modified_gmt":"2020-06-08T04:06:00","slug":"our-approaches","status":"publish","type":"page","link":"https:\/\/givensolutions.net\/?page_id=693","title":{"rendered":"ENGAGEMENT ENVIRONNEMENTAL"},"content":{"rendered":"[vc_row full_width=\u00a0\u00bbstretch_row\u00a0\u00bb equal_height=\u00a0\u00bbyes\u00a0\u00bb css=\u00a0\u00bb.vc_custom_1528353495885{padding-top: 100px !important;padding-bottom: 100px !important;}\u00a0\u00bb][vc_column width=\u00a0\u00bb1\/2&Prime; cws_mobile_paddings=\u00a0\u00bb40px 0px 0px 20px\u00a0\u00bb css=\u00a0\u00bb.vc_custom_1531912102727{padding-top: 1px !important;}\u00a0\u00bb]<div class='cws_textmodule cws_vc_shortcode_module' id='cws_textmodule_69f68cd7496f4'><div class='cws_textmodule_wrapper '><div class='cws_textmodule_text text_align_left'><div class='cws_textmodule_titles display_block'><\/div><div class='cws_textmodule_content'><div class='text_content_wrapper'><div id=\"comp-jn9915di\" class=\"txtNew\" data-packed=\"false\" data-vertical-text=\"false\" data-min-height=\"794\">\n<p class=\"font_8\">\u00ab\u00a0Vivre simplement, pour que d\u2019autres puissent simplement vivre\u00a0\u00bb ces propos pleins\u00a0de bons sens de Mahatma Gandhi nous interpellent tous.<\/p>\n<p class=\"font_8\">Et conscient de cela que Given Solutions sas a choisi de mener un combat \u00e9cologique et environnemental pour la sauvegarde et la pr\u00e9servation de la nature.<\/p>\n<p class=\"font_8\">Concr\u00e8tement la r\u00e9alisation de notre engagement se traduira comme suit\u00a0:<\/p>\n<p class=\"font_8\">Chaque camion consomme en moyenne 40L au 100 Km\/h, si nous pr\u00e9voyons 1000 Km annuels pour chaque camion, le total de CO2 d\u00e9pens\u00e9 par v\u00e9hicule sera de 0,92 tonne, ce qui repr\u00e9sente six (6) arbres \u00e0 implanter, pour compenser les d\u00e9gradations que notre activit\u00e9 g\u00e9n\u00e8re sur l\u2019environnement.<\/p>\n<p class=\"font_8\">Toutefois, cet engagement environnemental et \u00e9cologiste ne sera effectif seulement qu&rsquo;apr\u00e8s deux (2) ann\u00e9es de travail, temps n\u00e9cessaire pour stabiliser notre activit\u00e9, choisir les sites de reboisement appropri\u00e9s et acqu\u00e9rir toute la logistique y aff\u00e9rente.<\/p>\n<p class=\"font_8\">Si notre croissance le permet, nous \u00e9tudierons, le moment venu, la possibilit\u00e9 de rendre plus d\u00e9terminant cet engagement, en affectant un pourcentage de notre r\u00e9sultat net \u00e0 cet effort de reboisement.<span class=\"wixGuard\">\u200b<\/span><\/p>\n<p class=\"font_8\">De plus, d&rsquo;autres activit\u00e9s dans le m\u00eame sillage sont \u00e0 pr\u00e9voir dans le futur.<\/p>\n<\/div>\n<div id=\"comp-jnkft0zv\" class=\"txtNew\" data-packed=\"false\" data-vertical-text=\"false\" data-min-height=\"81\">\n<h5 class=\"font_5\">Sidy SADY<\/h5>\n<h5 class=\"font_5\">Directeur G\u00e9n\u00e9ral<\/h5>\n<\/div>\n<\/div><\/div><\/div><\/div><\/div>[\/vc_column][vc_column width=\u00a0\u00bb1\/2&Prime; bg_cws_repeat=\u00a0\u00bbno-repeat\u00a0\u00bb bg_cws_size=\u00a0\u00bbcover\u00a0\u00bb bg_image_position=\u00a0\u00bbcenter_center\u00a0\u00bb place_ahead=\u00a0\u00bb1&Prime; cws_mobile_paddings=\u00a0\u00bb300px 0px 0px 0px\u00a0\u00bb css=\u00a0\u00bb.vc_custom_1531808775821{background-image: url(http:\/\/givensolutions.net\/wp-content\/uploads\/blank-00cc00.png?id=695) !important;}\u00a0\u00bb][vc_single_image image=\u00a0\u00bb2172&Prime; img_size=\u00a0\u00bbfull\u00a0\u00bb][\/vc_column][\/vc_row][vc_row full_width=\u00a0\u00bbstretch_row\u00a0\u00bb css=\u00a0\u00bb.vc_custom_1531372759310{border-top-width: 1px !important;background-color: rgba(39,50,114,0.07) !important;*background-color: rgb(39,50,114) !important;border-top-color: #dee0e9 !important;border-top-style: solid !important;}\u00a0\u00bb][vc_column][vc_row_inner css=\u00a0\u00bb.vc_custom_1528185842514{margin-top: 0px !important;}\u00a0\u00bb][vc_column_inner width=\u00a0\u00bb1\/3&Prime; css=\u00a0\u00bb.vc_custom_1528180560029{padding-right: 0px !important;padding-left: 0px !important;}\u00a0\u00bb]<div id='cws_service_item_69f68cd749a69' class='cws_service_item cws_vc_shortcode_module title_beside side_divider a-left add_hover  vc_custom_1591589018975'><div class='cws_service_item_wrapper clearfix'><span class='cws_searvice_icon_wrapper cws_searvice_side'><i class='cws_service_icon cws_vc_shortcode_icon_3\u0445 flaticon-productivity'><\/i><\/span><div class='cws_service_info'><h6 class='cws_service_title'>NOUS NOUS METTONS DANS LES CHAUSSURES DE NOS CLIENTS<\/h6><\/div><\/div><\/div>[\/vc_column_inner][vc_column_inner width=\u00a0\u00bb1\/3&Prime; css=\u00a0\u00bb.vc_custom_1528180565268{padding-right: 0px !important;padding-left: 0px !important;}\u00a0\u00bb]<div id='cws_service_item_69f68cd749d9e' class='cws_service_item cws_vc_shortcode_module title_beside side_divider a-left add_hover  vc_custom_1591589123616'><div class='cws_service_item_wrapper clearfix'><span class='cws_searvice_icon_wrapper cws_searvice_side'><i class='cws_service_icon cws_vc_shortcode_icon_3\u0445 flaticon-hand'><\/i><\/span><div class='cws_service_info'><h6 class='cws_service_title'>LE BUSINESS DU CLIENT EST NOTRE PROPRE BUSINESS <\/h6><\/div><\/div><\/div>[\/vc_column_inner][vc_column_inner width=\u00a0\u00bb1\/3&Prime; css=\u00a0\u00bb.vc_custom_1528180570004{padding-right: 0px !important;padding-left: 0px !important;}\u00a0\u00bb]<div id='cws_service_item_69f68cd74a0d5' class='cws_service_item cws_vc_shortcode_module title_beside a-left add_hover  vc_custom_1591589151092'><div class='cws_service_item_wrapper clearfix'><span class='cws_searvice_icon_wrapper cws_searvice_side'><i class='cws_service_icon cws_vc_shortcode_icon_3\u0445 flaticon-gestures-1'><\/i><\/span><div class='cws_service_info'><h6 class='cws_service_title'>NOUS CONSTRUISONS DES RELATIONS PROFONDES ET AGR\u00c9ABLES<\/h6><\/div><\/div><\/div>[\/vc_column_inner][\/vc_row_inner][\/vc_column][\/vc_row]\n","protected":false},"excerpt":{"rendered":"<p>[vc_row full_width=\u00a0\u00bbstretch_row\u00a0\u00bb equal_height=\u00a0\u00bbyes\u00a0\u00bb css=\u00a0\u00bb.vc_custom_1528353495885{padding-top: 100px !important;padding-bottom: 100px !important;}\u00a0\u00bb][vc_column width=\u00a0\u00bb1\/2&Prime; cws_mobile_paddings=\u00a0\u00bb40px 0px 0px 20px\u00a0\u00bb css=\u00a0\u00bb.vc_custom_1531912102727{padding-top: 1px !important;}\u00a0\u00bb][\/vc_column][vc_column width=\u00a0\u00bb1\/2&Prime; bg_cws_repeat=\u00a0\u00bbno-repeat\u00a0\u00bb bg_cws_size=\u00a0\u00bbcover\u00a0\u00bb bg_image_position=\u00a0\u00bbcenter_center\u00a0\u00bb place_ahead=\u00a0\u00bb1&Prime; cws_mobile_paddings=\u00a0\u00bb300px 0px 0px 0px\u00a0\u00bb css=\u00a0\u00bb.vc_custom_1531808775821{background-image: url(http:\/\/givensolutions.net\/wp-content\/uploads\/blank-00cc00.png?id=695) !important;}\u00a0\u00bb][vc_single_image image=\u00a0\u00bb2172&Prime; img_size=\u00a0\u00bbfull\u00a0\u00bb][\/vc_column][\/vc_row][vc_row full_width=\u00a0\u00bbstretch_row\u00a0\u00bb css=\u00a0\u00bb.vc_custom_1531372759310{border-top-width: 1px !important;background-color: rgba(39,50,114,0.07) !important;*background-color: rgb(39,50,114) !important;border-top-color: #dee0e9 !important;border-top-style: solid !important;}\u00a0\u00bb][vc_column][vc_row_inner css=\u00a0\u00bb.vc_custom_1528185842514{margin-top: 0px !important;}\u00a0\u00bb][vc_column_inner width=\u00a0\u00bb1\/3&Prime; css=\u00a0\u00bb.vc_custom_1528180560029{padding-right: 0px !important;padding-left: 0px !important;}\u00a0\u00bb][\/vc_column_inner][vc_column_inner width=\u00a0\u00bb1\/3&Prime; css=\u00a0\u00bb.vc_custom_1528180565268{padding-right: 0px !important;padding-left: 0px !important;}\u00a0\u00bb][\/vc_column_inner][vc_column_inner width=\u00a0\u00bb1\/3&Prime; css=\u00a0\u00bb.vc_custom_1528180570004{padding-right: 0px !important;padding-left: 0px !important;}\u00a0\u00bb][\/vc_column_inner][\/vc_row_inner][\/vc_column][\/vc_row]<\/p>\n","protected":false},"author":1,"featured_media":0,"parent":0,"menu_order":0,"comment_status":"closed","ping_status":"closed","template":"","meta":{"footnotes":""},"class_list":["post-693","page","type-page","status-publish","hentry"],"_links":{"self":[{"href":"https:\/\/givensolutions.net\/index.php?rest_route=\/wp\/v2\/pages\/693","targetHints":{"allow":["GET"]}}],"collection":[{"href":"https:\/\/givensolutions.net\/index.php?rest_route=\/wp\/v2\/pages"}],"about":[{"href":"https:\/\/givensolutions.net\/index.php?rest_route=\/wp\/v2\/types\/page"}],"author":[{"embeddable":true,"href":"https:\/\/givensolutions.net\/index.php?rest_route=\/wp\/v2\/users\/1"}],"replies":[{"embeddable":true,"href":"https:\/\/givensolutions.net\/index.php?rest_route=%2Fwp%2Fv2%2Fcomments&post=693"}],"version-history":[{"count":6,"href":"https:\/\/givensolutions.net\/index.php?rest_route=\/wp\/v2\/pages\/693\/revisions"}],"predecessor-version":[{"id":2250,"href":"https:\/\/givensolutions.net\/index.php?rest_route=\/wp\/v2\/pages\/693\/revisions\/2250"}],"wp:attachment":[{"href":"https:\/\/givensolutions.net\/index.php?rest_route=%2Fwp%2Fv2%2Fmedia&parent=693"}],"curies":[{"name":"wp","href":"https:\/\/api.w.org\/{rel}","templated":true}]}}