{"id":661,"date":"2018-06-07T05:01:29","date_gmt":"2018-06-07T05:01:29","guid":{"rendered":"http:\/\/givensolutions.net\/?page_id=661"},"modified":"2020-06-08T07:00:29","modified_gmt":"2020-06-08T05:00:29","slug":"about-us","status":"publish","type":"page","link":"https:\/\/givensolutions.net\/?page_id=661","title":{"rendered":"A propos de nous"},"content":{"rendered":"[vc_row full_width=\u00a0\u00bbstretch_row\u00a0\u00bb bg_image_position=\u00a0\u00bbleft_center\u00a0\u00bb add_layers=\u00a0\u00bb1&Prime; extra_layer_bg=\u00a0\u00bb#f4f5f7&Prime; css=\u00a0\u00bb.vc_custom_1531292262327{margin-top: -205px !important;padding-top: 0px !important;padding-bottom: 120px !important;}\u00a0\u00bb extra_layer_width=\u00a0\u00bb58.33&Prime;][vc_column]<div class=\"cws_spacing cws_spacing_size_sm_desctop-on cws_spacing_tablet-on cws_spacing_mobile-on\"><div class=\"cws_spacing cws_spacing_default\" style=\"height:100px;\"><\/div> <div class=\"cws_spacing cws_spacing_size_sm_desctop\" style=\"height:1px;\"><\/div> <div class=\"cws_spacing cws_spacing_tablet\" style=\"height:1px;\"><\/div> <div class=\"cws_spacing cws_spacing_mobile\" style=\"height:100px;\"><\/div><\/div>[vc_row_inner equal_height=\u00a0\u00bbyes\u00a0\u00bb css=\u00a0\u00bb.vc_custom_1591483231847{padding-top: 50px !important;}\u00a0\u00bb][vc_column_inner width=\u00a0\u00bb5\/12&Prime; mobile_paddings=\u00a0\u00bb40px 0px 0px 0px\u00a0\u00bb][vc_empty_space][vc_empty_space][vc_empty_space]<div class='cws_textmodule cws_vc_shortcode_module' id='cws_textmodule_69f68de9503c8'><div class='cws_textmodule_wrapper '><div class='cws_textmodule_text text_align_left'><div class='cws_textmodule_titles display_block'><\/div><div class='cws_textmodule_content'><div class='text_content_wrapper'><p class=\"font_8\"><strong>\u00ab<span style=\"color: #333399;\">GIVEN<\/span> <span style=\"color: #00ccff;\">SOLUTIONS<\/span><\/strong> sas\u00bb, est sp\u00e9cialis\u00e9e dans la logistique portuaire et particuli\u00e8rement dans le service de livraison de conteneurs, de transport de colis lourds n\u00e9cessitant l\u2019utilisation de porte-chars, la fourniture\u00a0de services sp\u00e9ciaux (location de nacelles \u00e9l\u00e9vatrices, \u00e9chafaudages et autres) mais aussi la vente de pi\u00e8ces d\u00e9tach\u00e9es et autres articles de transport sp\u00e9cialis\u00e9s.<\/p>\n<p class=\"font_8\">La soci\u00e9t\u00e9 est dirig\u00e9e par de jeunes s\u00e9n\u00e9galais dynamiques, form\u00e9s pour la plupart dans les \u00e9coles de logistique aussi bien au S\u00e9n\u00e9gal qu\u2019\u00e0 l\u2019\u00e9tranger et qui\u00a0se donnent pour ambition de d\u00e9velopper un service innovant capable de r\u00e9pondre efficacement aux besoins nouveaux des \u00e9conomies de la sous-r\u00e9gion et notamment celle du S\u00e9n\u00e9gal avec l\u2019av\u00e8nement des grands p\u00f4les portuaires de Sendou pour les vracs, de Ndayanne pour les conteneurs, mais aussi dans la perspective du d\u00e9veloppement de l\u2019industrie p\u00e9troli\u00e8re.<\/p>\n<\/div><\/div><\/div><\/div><\/div>[vc_single_image image=\u00a0\u00bb2271&Prime; img_size=\u00a0\u00bbfull\u00a0\u00bb style=\u00a0\u00bbvc_box_border\u00a0\u00bb border_color=\u00a0\u00bbjuicy_pink\u00a0\u00bb][vc_single_image image=\u00a0\u00bb2131&Prime; img_size=\u00a0\u00bbfull\u00a0\u00bb][\/vc_column_inner][vc_column_inner width=\u00a0\u00bb7\/12&Prime; place_ahead=\u00a0\u00bb1&Prime; mobile_paddings=\u00a0\u00bb300px 0px 0px 0px\u00a0\u00bb inner_col_bg_repeat=\u00a0\u00bbno-repeat\u00a0\u00bb inner_col_bg_size=\u00a0\u00bbcover\u00a0\u00bb inner_col_bg_position=\u00a0\u00bbcenter_center\u00a0\u00bb css=\u00a0\u00bb.vc_custom_1531833894957{background-image: url(http:\/\/givensolutions.net\/wp-content\/uploads\/blank-00cc00.png?id=56) !important;}\u00a0\u00bb][vc_empty_space][vc_column_text]\n<div id=\"comp-jlv620mg\" class=\"txtNew\" data-packed=\"true\" data-vertical-text=\"false\">\n<h2 class=\"font_2\" style=\"text-align: center;\">VOTRE INTERLOCUTEUR<\/h2>\n<\/div>\n[\/vc_column_text][vc_single_image image=\u00a0\u00bb2217&Prime; img_size=\u00a0\u00bbfull\u00a0\u00bb alignment=\u00a0\u00bbcenter\u00a0\u00bb style=\u00a0\u00bbvc_box_border_circle_2&Prime; border_color=\u00a0\u00bbpeacoc\u00a0\u00bb][vc_column_text]\n<div id=\"comp-jlv620ve\" class=\"txtNew\" data-packed=\"true\" data-vertical-text=\"false\">\n<h1 class=\"font_0\" style=\"text-align: center;\">Sidy SADY<\/h1>\n<\/div>\n<div id=\"comp-jlv620zu\" class=\"lb1\" style=\"text-align: center;\" data-is-responsive=\"false\" data-hide-prejs=\"true\">\n<p><a id=\"comp-jlv620zu0imagelink\" class=\"lb1imageItemlink\" href=\"https:\/\/www.linkedin.com\/mwlite\/me\" target=\"_blank\" rel=\"nofollow noopener noreferrer\" data-content=\"https:\/\/www.linkedin.com\/mwlite\/me\" data-type=\"external\"><img decoding=\"async\" id=\"comp-jlv620zu0imageimageimage\" src=\"https:\/\/static.wixstatic.com\/media\/22fa9ffe67ef4289a150e75a66ee4933.png\/v1\/fill\/w_84,h_84,al_c,q_85,usm_0.66_1.00_0.01\/22fa9ffe67ef4289a150e75a66ee4933.webp\" alt=\"Grey LinkedIn Icon\" data-type=\"image\" \/><\/a><\/div>\n<div id=\"comp-jlv6214d\" class=\"txtNew\" data-packed=\"true\" data-vertical-text=\"false\">\n<p class=\"font_8\" style=\"text-align: center;\">Directeur G\u00e9n\u00e9ral<\/p>\n<\/div>\n[\/vc_column_text][vc_single_image image=\u00a0\u00bb2272&Prime; img_size=\u00a0\u00bbfull\u00a0\u00bb style=\u00a0\u00bbvc_box_border\u00a0\u00bb border_color=\u00a0\u00bbjuicy_pink\u00a0\u00bb][\/vc_column_inner][\/vc_row_inner][\/vc_column][\/vc_row][vc_row full_width=\u00a0\u00bbstretch_row\u00a0\u00bb equal_height=\u00a0\u00bbyes\u00a0\u00bb add_layers=\u00a0\u00bb1&Prime; extra_layer_size=\u00a0\u00bbcover\u00a0\u00bb extra_layer_position=\u00a0\u00bbright center\u00a0\u00bb cws_layer_image=\u00a0\u00bb1478&Prime; extra_layer_width=\u00a0\u00bb45&Prime;][vc_column cws_tablet_portrait_paddings=\u00a0\u00bb50px 40px 0px 40px\u00a0\u00bb cws_tablet_landscape_paddings=\u00a0\u00bb50px 40px 0px 40px\u00a0\u00bb css=\u00a0\u00bb.vc_custom_1530707683343{padding-top: 100px !important;padding-left: 90px !important;}\u00a0\u00bb][\/vc_column][\/vc_row][vc_row full_width=\u00a0\u00bbstretch_row\u00a0\u00bb css=\u00a0\u00bb.vc_custom_1531372759310{border-top-width: 1px !important;background-color: rgba(39,50,114,0.07) !important;*background-color: rgb(39,50,114) !important;border-top-color: #dee0e9 !important;border-top-style: solid !important;}\u00a0\u00bb][vc_column][vc_row_inner css=\u00a0\u00bb.vc_custom_1528185842514{margin-top: 0px !important;}\u00a0\u00bb][vc_column_inner width=\u00a0\u00bb1\/3&Prime; css=\u00a0\u00bb.vc_custom_1528180560029{padding-right: 0px !important;padding-left: 0px !important;}\u00a0\u00bb]<div id='cws_service_item_69f68de9506da' class='cws_service_item cws_vc_shortcode_module title_beside side_divider a-left add_hover  vc_custom_1591589018975'><div class='cws_service_item_wrapper clearfix'><span class='cws_searvice_icon_wrapper cws_searvice_side'><i class='cws_service_icon cws_vc_shortcode_icon_3\u0445 flaticon-productivity'><\/i><\/span><div class='cws_service_info'><h6 class='cws_service_title'>NOUS NOUS METTONS DANS LES CHAUSSURES DE NOS CLIENTS<\/h6><\/div><\/div><\/div>[\/vc_column_inner][vc_column_inner width=\u00a0\u00bb1\/3&Prime; css=\u00a0\u00bb.vc_custom_1528180565268{padding-right: 0px !important;padding-left: 0px !important;}\u00a0\u00bb]<div id='cws_service_item_69f68de9509d5' class='cws_service_item cws_vc_shortcode_module title_beside side_divider a-left add_hover  vc_custom_1591589123616'><div class='cws_service_item_wrapper clearfix'><span class='cws_searvice_icon_wrapper cws_searvice_side'><i class='cws_service_icon cws_vc_shortcode_icon_3\u0445 flaticon-hand'><\/i><\/span><div class='cws_service_info'><h6 class='cws_service_title'>LE BUSINESS DU CLIENT EST NOTRE PROPRE BUSINESS<\/h6><\/div><\/div><\/div>[\/vc_column_inner][vc_column_inner width=\u00a0\u00bb1\/3&Prime; css=\u00a0\u00bb.vc_custom_1528180570004{padding-right: 0px !important;padding-left: 0px !important;}\u00a0\u00bb]<div id='cws_service_item_69f68de950cc6' class='cws_service_item cws_vc_shortcode_module title_beside a-left add_hover  vc_custom_1591589151092'><div class='cws_service_item_wrapper clearfix'><span class='cws_searvice_icon_wrapper cws_searvice_side'><i class='cws_service_icon cws_vc_shortcode_icon_3\u0445 flaticon-gestures-1'><\/i><\/span><div class='cws_service_info'><h6 class='cws_service_title'>NOUS CONSTRUISONS DES RELATIONS PROFONDES ET AGR\u00c9ABLES<\/h6><\/div><\/div><\/div>[\/vc_column_inner][\/vc_row_inner][\/vc_column][\/vc_row]\n","protected":false},"excerpt":{"rendered":"<p>[vc_row full_width=\u00a0\u00bbstretch_row\u00a0\u00bb bg_image_position=\u00a0\u00bbleft_center\u00a0\u00bb add_layers=\u00a0\u00bb1&Prime; extra_layer_bg=\u00a0\u00bb#f4f5f7&Prime; css=\u00a0\u00bb.vc_custom_1531292262327{margin-top: -205px !important;padding-top: 0px !important;padding-bottom: 120px !important;}\u00a0\u00bb extra_layer_width=\u00a0\u00bb58.33&Prime;][vc_column][vc_row_inner equal_height=\u00a0\u00bbyes\u00a0\u00bb css=\u00a0\u00bb.vc_custom_1591483231847{padding-top: 50px !important;}\u00a0\u00bb][vc_column_inner width=\u00a0\u00bb5\/12&Prime; mobile_paddings=\u00a0\u00bb40px 0px 0px 0px\u00a0\u00bb][vc_empty_space][vc_empty_space][vc_empty_space][vc_single_image image=\u00a0\u00bb2271&Prime; img_size=\u00a0\u00bbfull\u00a0\u00bb style=\u00a0\u00bbvc_box_border\u00a0\u00bb border_color=\u00a0\u00bbjuicy_pink\u00a0\u00bb][vc_single_image image=\u00a0\u00bb2131&Prime; img_size=\u00a0\u00bbfull\u00a0\u00bb][\/vc_column_inner][vc_column_inner width=\u00a0\u00bb7\/12&Prime; place_ahead=\u00a0\u00bb1&Prime; mobile_paddings=\u00a0\u00bb300px 0px 0px 0px\u00a0\u00bb inner_col_bg_repeat=\u00a0\u00bbno-repeat\u00a0\u00bb inner_col_bg_size=\u00a0\u00bbcover\u00a0\u00bb inner_col_bg_position=\u00a0\u00bbcenter_center\u00a0\u00bb css=\u00a0\u00bb.vc_custom_1531833894957{background-image: url(http:\/\/givensolutions.net\/wp-content\/uploads\/blank-00cc00.png?id=56) !important;}\u00a0\u00bb][vc_empty_space][vc_column_text] VOTRE INTERLOCUTEUR [\/vc_column_text][vc_single_image image=\u00a0\u00bb2217&Prime; img_size=\u00a0\u00bbfull\u00a0\u00bb alignment=\u00a0\u00bbcenter\u00a0\u00bb style=\u00a0\u00bbvc_box_border_circle_2&Prime; border_color=\u00a0\u00bbpeacoc\u00a0\u00bb][vc_column_text] Sidy SADY Directeur G\u00e9n\u00e9ral [\/vc_column_text][vc_single_image image=\u00a0\u00bb2272&Prime; img_size=\u00a0\u00bbfull\u00a0\u00bb style=\u00a0\u00bbvc_box_border\u00a0\u00bb border_color=\u00a0\u00bbjuicy_pink\u00a0\u00bb][\/vc_column_inner][\/vc_row_inner][\/vc_column][\/vc_row][vc_row full_width=\u00a0\u00bbstretch_row\u00a0\u00bb equal_height=\u00a0\u00bbyes\u00a0\u00bb add_layers=\u00a0\u00bb1&Prime; extra_layer_size=\u00a0\u00bbcover\u00a0\u00bb extra_layer_position=\u00a0\u00bbright center\u00a0\u00bb cws_layer_image=\u00a0\u00bb1478&Prime; extra_layer_width=\u00a0\u00bb45&Prime;][vc_column cws_tablet_portrait_paddings=\u00a0\u00bb50px 40px 0px 40px\u00a0\u00bb cws_tablet_landscape_paddings=\u00a0\u00bb50px 40px 0px 40px\u00a0\u00bb css=\u00a0\u00bb.vc_custom_1530707683343{padding-top: 100px !important;padding-left: 90px !important;}\u00a0\u00bb][\/vc_column][\/vc_row][vc_row full_width=\u00a0\u00bbstretch_row\u00a0\u00bb css=\u00a0\u00bb.vc_custom_1531372759310{border-top-width: 1px !important;background-color: rgba(39,50,114,0.07) !important;*background-color: rgb(39,50,114) !important;border-top-color: #dee0e9 !important;border-top-style: solid !important;}\u00a0\u00bb][vc_column][vc_row_inner css=\u00a0\u00bb.vc_custom_1528185842514{margin-top: 0px !important;}\u00a0\u00bb][vc_column_inner width=\u00a0\u00bb1\/3&Prime; css=\u00a0\u00bb.vc_custom_1528180560029{padding-right: 0px !important;padding-left: 0px !important;}\u00a0\u00bb][\/vc_column_inner][vc_column_inner width=\u00a0\u00bb1\/3&Prime; css=\u00a0\u00bb.vc_custom_1528180565268{padding-right: 0px !important;padding-left: 0px !important;}\u00a0\u00bb][\/vc_column_inner][vc_column_inner width=\u00a0\u00bb1\/3&Prime; css=\u00a0\u00bb.vc_custom_1528180570004{padding-right: 0px !important;padding-left: 0px !important;}\u00a0\u00bb][\/vc_column_inner][\/vc_row_inner][\/vc_column][\/vc_row]<\/p>\n","protected":false},"author":1,"featured_media":0,"parent":0,"menu_order":0,"comment_status":"closed","ping_status":"open","template":"","meta":{"footnotes":""},"class_list":["post-661","page","type-page","status-publish","hentry"],"_links":{"self":[{"href":"https:\/\/givensolutions.net\/index.php?rest_route=\/wp\/v2\/pages\/661","targetHints":{"allow":["GET"]}}],"collection":[{"href":"https:\/\/givensolutions.net\/index.php?rest_route=\/wp\/v2\/pages"}],"about":[{"href":"https:\/\/givensolutions.net\/index.php?rest_route=\/wp\/v2\/types\/page"}],"author":[{"embeddable":true,"href":"https:\/\/givensolutions.net\/index.php?rest_route=\/wp\/v2\/users\/1"}],"replies":[{"embeddable":true,"href":"https:\/\/givensolutions.net\/index.php?rest_route=%2Fwp%2Fv2%2Fcomments&post=661"}],"version-history":[{"count":22,"href":"https:\/\/givensolutions.net\/index.php?rest_route=\/wp\/v2\/pages\/661\/revisions"}],"predecessor-version":[{"id":2274,"href":"https:\/\/givensolutions.net\/index.php?rest_route=\/wp\/v2\/pages\/661\/revisions\/2274"}],"wp:attachment":[{"href":"https:\/\/givensolutions.net\/index.php?rest_route=%2Fwp%2Fv2%2Fmedia&parent=661"}],"curies":[{"name":"wp","href":"https:\/\/api.w.org\/{rel}","templated":true}]}}