{"id":2210,"date":"2020-06-07T02:00:06","date_gmt":"2020-06-07T00:00:06","guid":{"rendered":"http:\/\/givensolutions.net\/?page_id=2210"},"modified":"2023-12-20T14:15:46","modified_gmt":"2023-12-20T13:15:46","slug":"accueil","status":"publish","type":"page","link":"https:\/\/givensolutions.net\/","title":{"rendered":"Accueil"},"content":{"rendered":"[vc_row full_width=\u00a0\u00bbstretch_row\u00a0\u00bb bg_image_position=\u00a0\u00bbleft_center\u00a0\u00bb add_layers=\u00a0\u00bb1&Prime; extra_layer_bg=\u00a0\u00bb#f4f5f7&Prime; css=\u00a0\u00bb.vc_custom_1531292262327{margin-top: -205px !important;padding-top: 0px !important;padding-bottom: 120px !important;}\u00a0\u00bb extra_layer_width=\u00a0\u00bb58.33&Prime;][vc_column]<div class=\"cws_spacing cws_spacing_size_sm_desctop-on cws_spacing_tablet-on cws_spacing_mobile-on\"><div class=\"cws_spacing cws_spacing_default\" style=\"height:100px;\"><\/div> <div class=\"cws_spacing cws_spacing_size_sm_desctop\" style=\"height:1px;\"><\/div> <div class=\"cws_spacing cws_spacing_tablet\" style=\"height:1px;\"><\/div> <div class=\"cws_spacing cws_spacing_mobile\" style=\"height:100px;\"><\/div><\/div>[vc_row_inner][vc_column_inner width=\u00a0\u00bb1\/3&Prime; css=\u00a0\u00bb.vc_custom_1531486587149{padding-top: 1px !important;}\u00a0\u00bb inner_col_box_shadow=\u00a0\u00bb0px 5px 40px 3px rgba(0,0,0,0.1)\u00a0\u00bb]<div id='cws_service_item_69f67536553c9' class='cws_service_item cws_vc_shortcode_module title_above animate_divider a-center add_hover  vc_custom_1638311440333'><a href='https:\/\/givensolutions.net\/?page_id=2204' class='cws_service_item_wrapper clearfix'><h6 class='cws_service_title'>TRANSPORT DE CONTENEURS<\/h6><span class='cws_searvice_image_wrapper cws_searvice_side'><img  src='https:\/\/givensolutions.net\/wp-content\/uploads\/2020\/06\/33648331-camion-transport-de-marchandises_007800781_2142.jpg' data-at2x='https:\/\/givensolutions.net\/wp-content\/uploads\/2020\/06\/33648331-camion-transport-de-marchandises_007800781_2142@2x.jpg' alt \/><\/span><div class='cws_service_info'><div class='cws_service_desc clearfix'><div class='divider divider_left'><\/div><\/div><\/div><\/a><\/div>[\/vc_column_inner][vc_column_inner width=\u00a0\u00bb1\/3&Prime; css=\u00a0\u00bb.vc_custom_1531486637885{padding-top: 1px !important;}\u00a0\u00bb inner_col_box_shadow=\u00a0\u00bb0px 5px 40px 3px rgba(0,0,0,0.1)\u00a0\u00bb]<div id='cws_service_item_69f6753657a65' class='cws_service_item cws_vc_shortcode_module title_above button_on_hover animate_divider a-center add_hover  vc_custom_1591483819859'><div class='cws_service_item_wrapper clearfix'><h6 class='cws_service_title'>MANUTENTION<\/h6><span class='cws_searvice_image_wrapper cws_searvice_side'><img  src='https:\/\/givensolutions.net\/wp-content\/uploads\/2020\/06\/MANU_007800781_2152.jpg' data-at2x='https:\/\/givensolutions.net\/wp-content\/uploads\/2020\/06\/MANU_007800781_2152@2x.jpg' alt \/><\/span><div class='cws_service_info'><div class='cws_service_desc clearfix'><div class='divider divider_left'><\/div><\/div><\/div><div class='cws_custom_button_wrapper simple first_color_scheme'><\/div><\/div><\/div>[\/vc_column_inner][vc_column_inner width=\u00a0\u00bb1\/3&Prime; css=\u00a0\u00bb.vc_custom_1531486649086{padding-top: 1px !important;}\u00a0\u00bb inner_col_box_shadow=\u00a0\u00bb0px 5px 40px 3px rgba(0,0,0,0.1)\u00a0\u00bb]<div id='cws_service_item_69f675365867f' class='cws_service_item cws_vc_shortcode_module title_above animate_divider a-center add_hover  vc_custom_1638311703250'><a href='http:\/\/givensolutions.net\/?page_id=2206' class='cws_service_item_wrapper clearfix'><h6 class='cws_service_title'>PRESTATIONS DE SERVICES<\/h6><span class='cws_searvice_image_wrapper cws_searvice_side'><img  src='https:\/\/givensolutions.net\/wp-content\/uploads\/2020\/06\/2781057_007800781_2154.jpg' data-at2x='https:\/\/givensolutions.net\/wp-content\/uploads\/2020\/06\/2781057_007800781_2154@2x.jpg' alt \/><\/span><div class='cws_service_info'><div class='cws_service_desc clearfix'><div class='divider divider_left'><\/div><\/div><\/div><\/a><\/div>[\/vc_column_inner][\/vc_row_inner][vc_row_inner equal_height=\u00a0\u00bbyes\u00a0\u00bb css=\u00a0\u00bb.vc_custom_1591483231847{padding-top: 50px !important;}\u00a0\u00bb][vc_column_inner width=\u00a0\u00bb5\/12&Prime; mobile_paddings=\u00a0\u00bb40px 0px 0px 0px\u00a0\u00bb css=\u00a0\u00bb.vc_custom_1531833925347{padding-right: 100px !important;}\u00a0\u00bb]<div class='cws_textmodule cws_vc_shortcode_module' id='cws_textmodule_69f675365959b'><div class='cws_textmodule_wrapper '><div class='cws_textmodule_text text_align_left'><div class='cws_textmodule_titles display_block'><h4 class='cws_textmodule_subtitle'>A propos de<\/h4><h5 class='cws_textmodule_title'>Given Solutions<\/h5><\/div><div class='cws_textmodule_content'><div class='text_content_wrapper'><p>\u00abGIVEN SOLUTIONS sas\u00bb, est sp\u00e9cialis\u00e9e dans la logistique portuaire et particuli\u00e8rement dans le service de livraison de conteneurs, de transport de colis lourds n\u00e9cessitant l\u2019utilisation de porte-chars, la fourniture\u00a0de services sp\u00e9ciaux (location de nacelles \u00e9l\u00e9vatrices, \u00e9chafaudages et autres) mais aussi la vente de pi\u00e8ces d\u00e9tach\u00e9es et autres articles de transport sp\u00e9cialis\u00e9s.<\/p>\n<\/div><\/div><\/div><\/div><\/div>[\/vc_column_inner][vc_column_inner width=\u00a0\u00bb7\/12&Prime; place_ahead=\u00a0\u00bb1&Prime; mobile_paddings=\u00a0\u00bb300px 0px 0px 0px\u00a0\u00bb inner_col_bg_repeat=\u00a0\u00bbno-repeat\u00a0\u00bb inner_col_bg_size=\u00a0\u00bbcover\u00a0\u00bb inner_col_bg_position=\u00a0\u00bbcenter_center\u00a0\u00bb css=\u00a0\u00bb.vc_custom_1531833894957{background-image: url(http:\/\/givensolutions.net\/wp-content\/uploads\/blank-00cc00.png?id=56) !important;}\u00a0\u00bb][vc_single_image image=\u00a0\u00bb2144&Prime; img_size=\u00a0\u00bbfull\u00a0\u00bb style=\u00a0\u00bbvc_box_border\u00a0\u00bb border_color=\u00a0\u00bbblue\u00a0\u00bb]<div class='sc_button_wrapper align-right mobile-align-center'><div id='cws_vc_shortcode_button_69f6753659a35' class='cws_custom_button_wrapper cws_sc_button regular default'><span><a href='#' class='cws_custom_button'><span>EN SAVOIR+<\/span><\/a><\/span><\/div><\/div>[\/vc_column_inner][\/vc_row_inner][\/vc_column][\/vc_row][vc_row full_width=\u00a0\u00bbstretch_row\u00a0\u00bb equal_height=\u00a0\u00bbyes\u00a0\u00bb add_layers=\u00a0\u00bb1&Prime; extra_layer_size=\u00a0\u00bbcover\u00a0\u00bb extra_layer_position=\u00a0\u00bbright center\u00a0\u00bb css=\u00a0\u00bb.vc_custom_1529651019152{background-color: #273272 !important;}\u00a0\u00bb cws_layer_image=\u00a0\u00bb1478&Prime; extra_layer_width=\u00a0\u00bb45&Prime;][vc_column width=\u00a0\u00bb5\/12&Prime; bg_cws_repeat=\u00a0\u00bbno-repeat\u00a0\u00bb bg_cws_size=\u00a0\u00bbcover\u00a0\u00bb bg_image_position=\u00a0\u00bbcenter_center\u00a0\u00bb][vc_empty_space][vc_empty_space][vc_empty_space][vc_single_image image=\u00a0\u00bb2268&Prime; img_size=\u00a0\u00bbfull\u00a0\u00bb style=\u00a0\u00bbvc_box_border\u00a0\u00bb border_color=\u00a0\u00bbsky\u00a0\u00bb][vc_single_image image=\u00a0\u00bb2237&Prime; img_size=\u00a0\u00bbfull\u00a0\u00bb style=\u00a0\u00bbvc_box_border\u00a0\u00bb border_color=\u00a0\u00bbsky\u00a0\u00bb][vc_single_image image=\u00a0\u00bb2282&Prime; img_size=\u00a0\u00bbfull\u00a0\u00bb style=\u00a0\u00bbvc_box_border\u00a0\u00bb border_color=\u00a0\u00bbsky\u00a0\u00bb][\/vc_column][vc_column width=\u00a0\u00bb7\/12&Prime; cws_tablet_portrait_paddings=\u00a0\u00bb50px 40px 0px 40px\u00a0\u00bb cws_tablet_landscape_paddings=\u00a0\u00bb50px 40px 0px 40px\u00a0\u00bb css=\u00a0\u00bb.vc_custom_1530707683343{padding-top: 100px !important;padding-left: 90px !important;}\u00a0\u00bb][vc_custom_heading text=\u00a0\u00bbOBTENEZ UN DEVIS GRATUIT\u00a0\u00bb font_container=\u00a0\u00bbtag:h2|text_align:center|color:%23ffffff\u00a0\u00bb google_fonts=\u00a0\u00bbfont_family:Roboto%3A100%2C100italic%2C300%2C300italic%2Cregular%2Citalic%2C500%2C500italic%2C700%2C700italic%2C900%2C900italic|font_style:400%20regular%3A400%3Anormal\u00a0\u00bb][vc_empty_space]\n<div class=\"wpcf7 no-js\" id=\"wpcf7-f133-o1\" lang=\"en-US\" dir=\"ltr\" data-wpcf7-id=\"133\">\n<div class=\"screen-reader-response\"><p role=\"status\" aria-live=\"polite\" aria-atomic=\"true\"><\/p> <ul><\/ul><\/div>\n<form action=\"\/index.php?rest_route=%2Fwp%2Fv2%2Fpages%2F2210#wpcf7-f133-o1\" method=\"post\" class=\"wpcf7-form init\" aria-label=\"Contact form\" novalidate=\"novalidate\" data-status=\"init\">\n<div style=\"display: none;\">\n<input type=\"hidden\" name=\"_wpcf7\" value=\"133\" \/>\n<input type=\"hidden\" name=\"_wpcf7_version\" value=\"6.0.5\" \/>\n<input type=\"hidden\" name=\"_wpcf7_locale\" value=\"en_US\" \/>\n<input type=\"hidden\" name=\"_wpcf7_unit_tag\" value=\"wpcf7-f133-o1\" \/>\n<input type=\"hidden\" name=\"_wpcf7_container_post\" value=\"0\" \/>\n<input type=\"hidden\" name=\"_wpcf7_posted_data_hash\" value=\"\" \/>\n<\/div>\n<p><span class=\"wpcf7-form-control-wrap\" data-name=\"text-576\"><input size=\"40\" maxlength=\"400\" class=\"wpcf7-form-control wpcf7-text wpcf7-validates-as-required cws_width_50\" aria-required=\"true\" aria-invalid=\"false\" placeholder=\"Nom*\" value=\"\" type=\"text\" name=\"text-576\" \/><\/span>\n<\/p>\n<p><span class=\"wpcf7-form-control-wrap\" data-name=\"text-577\"><input size=\"40\" maxlength=\"400\" class=\"wpcf7-form-control wpcf7-text wpcf7-validates-as-required cws_width_50\" aria-required=\"true\" aria-invalid=\"false\" placeholder=\"Pr\u00e9nom*\" value=\"\" type=\"text\" name=\"text-577\" \/><\/span>\n<\/p>\n<p><span class=\"wpcf7-form-control-wrap\" data-name=\"text-578\"><input size=\"40\" maxlength=\"400\" class=\"wpcf7-form-control wpcf7-text wpcf7-validates-as-required cws_width_100\" aria-required=\"true\" aria-invalid=\"false\" placeholder=\"Raison sociale*\" value=\"\" type=\"text\" name=\"text-578\" \/><\/span>\n<\/p>\n<p><span class=\"wpcf7-form-control-wrap\" data-name=\"text-579\"><input size=\"40\" maxlength=\"400\" class=\"wpcf7-form-control wpcf7-text wpcf7-validates-as-required cws_width_100\" aria-required=\"true\" aria-invalid=\"false\" placeholder=\"Adresse*\" value=\"\" type=\"text\" name=\"text-579\" \/><\/span>\n<\/p>\n<p><span class=\"wpcf7-form-control-wrap\" data-name=\"mail-577\"><input size=\"40\" maxlength=\"400\" class=\"wpcf7-form-control wpcf7-email wpcf7-validates-as-required wpcf7-text wpcf7-validates-as-email cws_width_50\" aria-required=\"true\" aria-invalid=\"false\" placeholder=\"E-mail*\" value=\"\" type=\"email\" name=\"mail-577\" \/><\/span>\n<\/p>\n<p><span class=\"wpcf7-form-control-wrap\" data-name=\"telefon\"><input size=\"40\" maxlength=\"400\" class=\"wpcf7-form-control wpcf7-text wpcf7-validates-as-required cws_width_50 tel\" aria-required=\"true\" aria-invalid=\"false\" placeholder=\"T\u00e9l\u00e9ohone\" value=\"\" type=\"text\" name=\"telefon\" \/><\/span>\n<\/p>\n<p><span class=\"wpcf7-form-control-wrap\" data-name=\"menu-160\"><select class=\"wpcf7-form-control wpcf7-select wpcf7-validates-as-required cws_width_50\" aria-required=\"true\" aria-invalid=\"false\" name=\"menu-160\"><option value=\"Nature de la demande\">Nature de la demande<\/option><option value=\"Pieces d\u00e9tach\u00e9es auto\">Pieces d\u00e9tach\u00e9es auto<\/option><option value=\"Pieces d\u00e9tach\u00e9es Poids lourds\">Pieces d\u00e9tach\u00e9es Poids lourds<\/option><option value=\"Pieces d\u00e9tach\u00e9es maritimes\">Pieces d\u00e9tach\u00e9es maritimes<\/option><option value=\"Transport de conteneurs\">Transport de conteneurs<\/option><option value=\"Prestation de services\">Prestation de services<\/option><\/select><\/span>\n<\/p>\n<p><span class=\"wpcf7-form-control-wrap\" data-name=\"text-508\"><input size=\"40\" maxlength=\"400\" class=\"wpcf7-form-control wpcf7-text wpcf7-validates-as-required cws_width_50\" aria-required=\"true\" aria-invalid=\"false\" placeholder=\"Marques\/Mod\u00e8le\/R\u00e9f\u00e9rrences\" value=\"\" type=\"text\" name=\"text-508\" \/><\/span>\n<\/p>\n<p><span class=\"wpcf7-form-control-wrap\" data-name=\"textarea-60\"><textarea cols=\"40\" rows=\"5\" maxlength=\"2000\" class=\"wpcf7-form-control wpcf7-textarea\" aria-invalid=\"false\" placeholder=\"Exprimez vos besoins\" name=\"textarea-60\"><\/textarea><\/span>\n<\/p>\n<p><input class=\"wpcf7-form-control wpcf7-submit has-spinner cws_submit\" type=\"submit\" value=\"Envoyer\" \/>\n<\/p><p style=\"display: none !important;\" class=\"akismet-fields-container\" data-prefix=\"_wpcf7_ak_\"><label>&#916;<textarea name=\"_wpcf7_ak_hp_textarea\" cols=\"45\" rows=\"8\" maxlength=\"100\"><\/textarea><\/label><input type=\"hidden\" id=\"ak_js_1\" name=\"_wpcf7_ak_js\" value=\"38\"\/><script>document.getElementById( \"ak_js_1\" ).setAttribute( \"value\", ( new Date() ).getTime() );<\/script><\/p><div class=\"wpcf7-response-output\" aria-hidden=\"true\"><\/div>\n<\/form>\n<\/div>\n<div class=\"cws_spacing cws_spacing_size_sm_desctop-on cws_spacing_tablet-on cws_spacing_mobile-on\"><div class=\"cws_spacing cws_spacing_default\" style=\"height:110px;\"><\/div> <div class=\"cws_spacing cws_spacing_size_sm_desctop\" style=\"height:110px;\"><\/div> <div class=\"cws_spacing cws_spacing_tablet\" style=\"height:80px;\"><\/div> <div class=\"cws_spacing cws_spacing_mobile\" style=\"height:50px;\"><\/div><\/div>[\/vc_column][\/vc_row][vc_row][vc_column][vc_custom_heading text=\u00a0\u00bbListe des Partenaires\u00a0\u00bb font_container=\u00a0\u00bbtag:h2|text_align:center\u00a0\u00bb google_fonts=\u00a0\u00bbfont_family:Roboto%3A100%2C100italic%2C300%2C300italic%2Cregular%2Citalic%2C500%2C500italic%2C700%2C700italic%2C900%2C900italic|font_style:400%20regular%3A400%3Anormal\u00a0\u00bb][\/vc_column][\/vc_row][vc_row][vc_column width=\u00a0\u00bb1\/5&Prime;][vc_single_image image=\u00a0\u00bb2317&Prime; img_size=\u00a0\u00bbfull\u00a0\u00bb][vc_single_image image=\u00a0\u00bb2312&Prime; img_size=\u00a0\u00bbfull\u00a0\u00bb][\/vc_column][vc_column width=\u00a0\u00bb1\/5&Prime;][vc_single_image image=\u00a0\u00bb2316&Prime; img_size=\u00a0\u00bbfull\u00a0\u00bb][vc_single_image image=\u00a0\u00bb2311&Prime; img_size=\u00a0\u00bbfull\u00a0\u00bb][\/vc_column][vc_column width=\u00a0\u00bb1\/5&Prime;][vc_single_image image=\u00a0\u00bb2315&Prime; img_size=\u00a0\u00bbfull\u00a0\u00bb][vc_single_image image=\u00a0\u00bb2310&Prime; img_size=\u00a0\u00bbfull\u00a0\u00bb][\/vc_column][vc_column width=\u00a0\u00bb1\/5&Prime;][vc_single_image image=\u00a0\u00bb2314&Prime; img_size=\u00a0\u00bbfull\u00a0\u00bb][vc_single_image image=\u00a0\u00bb2309&Prime; img_size=\u00a0\u00bbfull\u00a0\u00bb][\/vc_column][vc_column width=\u00a0\u00bb1\/5&Prime;][vc_single_image image=\u00a0\u00bb2313&Prime; img_size=\u00a0\u00bbfull\u00a0\u00bb][vc_single_image image=\u00a0\u00bb2308&Prime; img_size=\u00a0\u00bbfull\u00a0\u00bb][\/vc_column][\/vc_row]\n","protected":false},"excerpt":{"rendered":"<p>[vc_row full_width=\u00a0\u00bbstretch_row\u00a0\u00bb bg_image_position=\u00a0\u00bbleft_center\u00a0\u00bb add_layers=\u00a0\u00bb1&Prime; extra_layer_bg=\u00a0\u00bb#f4f5f7&Prime; css=\u00a0\u00bb.vc_custom_1531292262327{margin-top: -205px !important;padding-top: 0px !important;padding-bottom: 120px !important;}\u00a0\u00bb extra_layer_width=\u00a0\u00bb58.33&Prime;][vc_column][vc_row_inner][vc_column_inner width=\u00a0\u00bb1\/3&Prime; css=\u00a0\u00bb.vc_custom_1531486587149{padding-top: 1px !important;}\u00a0\u00bb inner_col_box_shadow=\u00a0\u00bb0px 5px 40px 3px rgba(0,0,0,0.1)\u00a0\u00bb][\/vc_column_inner][vc_column_inner width=\u00a0\u00bb1\/3&Prime; css=\u00a0\u00bb.vc_custom_1531486637885{padding-top: 1px !important;}\u00a0\u00bb inner_col_box_shadow=\u00a0\u00bb0px 5px 40px 3px rgba(0,0,0,0.1)\u00a0\u00bb][\/vc_column_inner][vc_column_inner width=\u00a0\u00bb1\/3&Prime; css=\u00a0\u00bb.vc_custom_1531486649086{padding-top: 1px !important;}\u00a0\u00bb inner_col_box_shadow=\u00a0\u00bb0px 5px 40px 3px rgba(0,0,0,0.1)\u00a0\u00bb][\/vc_column_inner][\/vc_row_inner][vc_row_inner equal_height=\u00a0\u00bbyes\u00a0\u00bb css=\u00a0\u00bb.vc_custom_1591483231847{padding-top: 50px !important;}\u00a0\u00bb][vc_column_inner width=\u00a0\u00bb5\/12&Prime; mobile_paddings=\u00a0\u00bb40px 0px 0px 0px\u00a0\u00bb css=\u00a0\u00bb.vc_custom_1531833925347{padding-right: 100px !important;}\u00a0\u00bb][\/vc_column_inner][vc_column_inner width=\u00a0\u00bb7\/12&Prime; place_ahead=\u00a0\u00bb1&Prime; mobile_paddings=\u00a0\u00bb300px 0px 0px 0px\u00a0\u00bb inner_col_bg_repeat=\u00a0\u00bbno-repeat\u00a0\u00bb inner_col_bg_size=\u00a0\u00bbcover\u00a0\u00bb inner_col_bg_position=\u00a0\u00bbcenter_center\u00a0\u00bb css=\u00a0\u00bb.vc_custom_1531833894957{background-image: url(http:\/\/givensolutions.net\/wp-content\/uploads\/blank-00cc00.png?id=56) !important;}\u00a0\u00bb][vc_single_image image=\u00a0\u00bb2144&Prime; img_size=\u00a0\u00bbfull\u00a0\u00bb style=\u00a0\u00bbvc_box_border\u00a0\u00bb border_color=\u00a0\u00bbblue\u00a0\u00bb][\/vc_column_inner][\/vc_row_inner][\/vc_column][\/vc_row][vc_row full_width=\u00a0\u00bbstretch_row\u00a0\u00bb equal_height=\u00a0\u00bbyes\u00a0\u00bb add_layers=\u00a0\u00bb1&Prime; extra_layer_size=\u00a0\u00bbcover\u00a0\u00bb extra_layer_position=\u00a0\u00bbright center\u00a0\u00bb css=\u00a0\u00bb.vc_custom_1529651019152{background-color: #273272 !important;}\u00a0\u00bb cws_layer_image=\u00a0\u00bb1478&Prime; extra_layer_width=\u00a0\u00bb45&Prime;][vc_column width=\u00a0\u00bb5\/12&Prime; bg_cws_repeat=\u00a0\u00bbno-repeat\u00a0\u00bb bg_cws_size=\u00a0\u00bbcover\u00a0\u00bb bg_image_position=\u00a0\u00bbcenter_center\u00a0\u00bb][vc_empty_space][vc_empty_space][vc_empty_space][vc_single_image image=\u00a0\u00bb2268&Prime; img_size=\u00a0\u00bbfull\u00a0\u00bb style=\u00a0\u00bbvc_box_border\u00a0\u00bb border_color=\u00a0\u00bbsky\u00a0\u00bb][vc_single_image image=\u00a0\u00bb2237&Prime; img_size=\u00a0\u00bbfull\u00a0\u00bb style=\u00a0\u00bbvc_box_border\u00a0\u00bb border_color=\u00a0\u00bbsky\u00a0\u00bb][vc_single_image image=\u00a0\u00bb2282&Prime; img_size=\u00a0\u00bbfull\u00a0\u00bb style=\u00a0\u00bbvc_box_border\u00a0\u00bb border_color=\u00a0\u00bbsky\u00a0\u00bb][\/vc_column][vc_column width=\u00a0\u00bb7\/12&Prime; cws_tablet_portrait_paddings=\u00a0\u00bb50px 40px 0px 40px\u00a0\u00bb cws_tablet_landscape_paddings=\u00a0\u00bb50px 40px 0px 40px\u00a0\u00bb css=\u00a0\u00bb.vc_custom_1530707683343{padding-top: 100px !important;padding-left: 90px !important;}\u00a0\u00bb][vc_custom_heading text=\u00a0\u00bbOBTENEZ UN DEVIS GRATUIT\u00a0\u00bb font_container=\u00a0\u00bbtag:h2|text_align:center|color:%23ffffff\u00a0\u00bb google_fonts=\u00a0\u00bbfont_family:Roboto%3A100%2C100italic%2C300%2C300italic%2Cregular%2Citalic%2C500%2C500italic%2C700%2C700italic%2C900%2C900italic|font_style:400%20regular%3A400%3Anormal\u00a0\u00bb][vc_empty_space][\/vc_column][\/vc_row][vc_row][vc_column][vc_custom_heading text=\u00a0\u00bbListe des Partenaires\u00a0\u00bb font_container=\u00a0\u00bbtag:h2|text_align:center\u00a0\u00bb google_fonts=\u00a0\u00bbfont_family:Roboto%3A100%2C100italic%2C300%2C300italic%2Cregular%2Citalic%2C500%2C500italic%2C700%2C700italic%2C900%2C900italic|font_style:400%20regular%3A400%3Anormal\u00a0\u00bb][\/vc_column][\/vc_row][vc_row][vc_column width=\u00a0\u00bb1\/5&Prime;][vc_single_image image=\u00a0\u00bb2317&Prime; img_size=\u00a0\u00bbfull\u00a0\u00bb][vc_single_image image=\u00a0\u00bb2312&Prime; img_size=\u00a0\u00bbfull\u00a0\u00bb][\/vc_column][vc_column width=\u00a0\u00bb1\/5&Prime;][vc_single_image image=\u00a0\u00bb2316&Prime; img_size=\u00a0\u00bbfull\u00a0\u00bb][vc_single_image image=\u00a0\u00bb2311&Prime; img_size=\u00a0\u00bbfull\u00a0\u00bb][\/vc_column][vc_column width=\u00a0\u00bb1\/5&Prime;][vc_single_image image=\u00a0\u00bb2315&Prime; img_size=\u00a0\u00bbfull\u00a0\u00bb][vc_single_image image=\u00a0\u00bb2310&Prime; img_size=\u00a0\u00bbfull\u00a0\u00bb][\/vc_column][vc_column width=\u00a0\u00bb1\/5&Prime;][vc_single_image image=\u00a0\u00bb2314&Prime; img_size=\u00a0\u00bbfull\u00a0\u00bb][vc_single_image image=\u00a0\u00bb2309&Prime; img_size=\u00a0\u00bbfull\u00a0\u00bb][\/vc_column][vc_column width=\u00a0\u00bb1\/5&Prime;][vc_single_image image=\u00a0\u00bb2313&Prime; img_size=\u00a0\u00bbfull\u00a0\u00bb][vc_single_image image=\u00a0\u00bb2308&Prime; img_size=\u00a0\u00bbfull\u00a0\u00bb][\/vc_column][\/vc_row]<\/p>\n","protected":false},"author":1,"featured_media":0,"parent":0,"menu_order":0,"comment_status":"closed","ping_status":"closed","template":"","meta":{"footnotes":""},"class_list":["post-2210","page","type-page","status-publish","hentry"],"_links":{"self":[{"href":"https:\/\/givensolutions.net\/index.php?rest_route=\/wp\/v2\/pages\/2210","targetHints":{"allow":["GET"]}}],"collection":[{"href":"https:\/\/givensolutions.net\/index.php?rest_route=\/wp\/v2\/pages"}],"about":[{"href":"https:\/\/givensolutions.net\/index.php?rest_route=\/wp\/v2\/types\/page"}],"author":[{"embeddable":true,"href":"https:\/\/givensolutions.net\/index.php?rest_route=\/wp\/v2\/users\/1"}],"replies":[{"embeddable":true,"href":"https:\/\/givensolutions.net\/index.php?rest_route=%2Fwp%2Fv2%2Fcomments&post=2210"}],"version-history":[{"count":20,"href":"https:\/\/givensolutions.net\/index.php?rest_route=\/wp\/v2\/pages\/2210\/revisions"}],"predecessor-version":[{"id":2363,"href":"https:\/\/givensolutions.net\/index.php?rest_route=\/wp\/v2\/pages\/2210\/revisions\/2363"}],"wp:attachment":[{"href":"https:\/\/givensolutions.net\/index.php?rest_route=%2Fwp%2Fv2%2Fmedia&parent=2210"}],"curies":[{"name":"wp","href":"https:\/\/api.w.org\/{rel}","templated":true}]}}