{"id":2204,"date":"2020-06-07T01:55:48","date_gmt":"2020-06-06T23:55:48","guid":{"rendered":"http:\/\/givensolutions.net\/?page_id=2204"},"modified":"2020-06-15T18:42:55","modified_gmt":"2020-06-15T16:42:55","slug":"t-conteneurs","status":"publish","type":"page","link":"https:\/\/givensolutions.net\/?page_id=2204","title":{"rendered":"Transports de conteneurs"},"content":{"rendered":"[vc_row full_width=\u00a0\u00bbstretch_row\u00a0\u00bb equal_height=\u00a0\u00bbyes\u00a0\u00bb css=\u00a0\u00bb.vc_custom_1591589628632{background-color: rgba(39,50,114,0.07) !important;*background-color: rgb(39,50,114) !important;}\u00a0\u00bb][vc_column width=\u00a0\u00bb1\/2&Prime; cws_mobile_paddings=\u00a0\u00bb40px 20px 0px 20px\u00a0\u00bb css=\u00a0\u00bb.vc_custom_1531978175353{padding-top: 1px !important;}\u00a0\u00bb][vc_empty_space]<div class='cws_textmodule cws_vc_shortcode_module' id='cws_textmodule_69f68d4e5e4ea'><div class='cws_textmodule_wrapper '><div class='cws_textmodule_text text_align_left'><div class='cws_textmodule_titles display_block'><\/div><div class='cws_textmodule_content'><div class='text_content_wrapper'><p class=\"font_8\"><strong>NOS SERVICES COMPRENNENT :<\/strong><\/p>\n<ul>\n<li class=\"font_8\">Les livraisons de conteneurs vides ou pleins de toutes cat\u00e9gories<\/li>\n<li class=\"font_8\">Vers les terminaux portuaires<\/li>\n<li class=\"font_8\">Vers les terminaux des armateurs<\/li>\n<li class=\"font_8\">Vers les chargeurs<\/li>\n<li class=\"font_8\">Vers les clients<\/li>\n<\/ul>\n<p class=\"font_8\"><strong>NOS SERVICES SE FONT :<\/strong><\/p>\n<ul>\n<li class=\"font_8\">En aller\/retour (Round Trip)<\/li>\n<li class=\"font_8\">En aller simple (One Way)<\/li>\n<\/ul>\n<div class='cws_custom_button_wrapper simple'><span><a href=\"#\" class='cws_custom_button'><\/a><\/span><\/div><\/div><\/div><\/div><\/div><\/div>[\/vc_column][vc_column width=\u00a0\u00bb1\/2&Prime; bg_cws_repeat=\u00a0\u00bbno-repeat\u00a0\u00bb bg_cws_size=\u00a0\u00bbcover\u00a0\u00bb bg_image_position=\u00a0\u00bbcenter_center\u00a0\u00bb place_ahead=\u00a0\u00bb1&Prime; cws_mobile_paddings=\u00a0\u00bb300px 0px 0px 0px\u00a0\u00bb css=\u00a0\u00bb.vc_custom_1531812503797{background-image: url(http:\/\/givensolutions.net\/wp-content\/uploads\/blank-00cc00.png?id=308) !important;}\u00a0\u00bb][vc_single_image image=\u00a0\u00bb2159&Prime; img_size=\u00a0\u00bbfull\u00a0\u00bb style=\u00a0\u00bbvc_box_border\u00a0\u00bb border_color=\u00a0\u00bbjuicy_pink\u00a0\u00bb][\/vc_column][\/vc_row][vc_row full_width=\u00a0\u00bbstretch_row\u00a0\u00bb css=\u00a0\u00bb.vc_custom_1531210408550{border-top-width: 0px !important;border-top-color: #dee0e9 !important;border-top-style: solid !important;}\u00a0\u00bb][vc_column][vc_row_inner css=\u00a0\u00bb.vc_custom_1528185842514{margin-top: 0px !important;}\u00a0\u00bb][vc_column_inner width=\u00a0\u00bb2\/3&Prime; css=\u00a0\u00bb.vc_custom_1528180560029{padding-right: 0px !important;padding-left: 0px !important;}\u00a0\u00bb]<div class='cws_textmodule cws_vc_shortcode_module  vc_custom_1591590161551' id='cws_textmodule_69f68d4e5e781'><div class='cws_textmodule_wrapper '><div class='cws_textmodule_text text_align_center'><div class='cws_textmodule_titles display_block'><h4 class='cws_textmodule_subtitle'>Nos services de transport int\u00e9grent:<\/h4><\/div><\/div><\/div><\/div>[\/vc_column_inner][vc_column_inner width=\u00a0\u00bb1\/3&Prime; css=\u00a0\u00bb.vc_custom_1528180565268{padding-right: 0px !important;padding-left: 0px !important;}\u00a0\u00bb]<div id='cws_service_item_69f68d4e5ea46' class='cws_service_item cws_vc_shortcode_module title_beside side_divider a-left add_hover  vc_custom_1591589464443'><div class='cws_service_item_wrapper clearfix'><span class='cws_searvice_icon_wrapper cws_searvice_side'><i class='cws_service_icon cws_vc_shortcode_icon_3\u0445 flaticon-productivity'><\/i><\/span><div class='cws_service_info'><h6 class='cws_service_title'>La mise \u00e0 disposition de camions certifi\u00e9s par un bureau de contr\u00f4le<\/h6><\/div><\/div><\/div>[\/vc_column_inner][\/vc_row_inner][vc_row_inner css=\u00a0\u00bb.vc_custom_1528185842514{margin-top: 0px !important;}\u00a0\u00bb][vc_column_inner width=\u00a0\u00bb1\/3&Prime; css=\u00a0\u00bb.vc_custom_1528180560029{padding-right: 0px !important;padding-left: 0px !important;}\u00a0\u00bb]<div id='cws_service_item_69f68d4e5ed0b' class='cws_service_item cws_vc_shortcode_module title_beside side_divider a-left add_hover  vc_custom_1591589479314'><div class='cws_service_item_wrapper clearfix'><span class='cws_searvice_icon_wrapper cws_searvice_side'><i class='cws_service_icon cws_vc_shortcode_icon_3\u0445 flaticon-hand'><\/i><\/span><div class='cws_service_info'><h6 class='cws_service_title'>Des camions agr\u00e9\u00e9s par les autorit\u00e9s portuaires de Dakar et le Minist\u00e8re en charge du transport routier au S\u00e9n\u00e9gal<\/h6><\/div><\/div><\/div>[\/vc_column_inner][vc_column_inner width=\u00a0\u00bb1\/3&Prime; css=\u00a0\u00bb.vc_custom_1528180565268{padding-right: 0px !important;padding-left: 0px !important;}\u00a0\u00bb]<div id='cws_service_item_69f68d4e5efa7' class='cws_service_item cws_vc_shortcode_module title_beside a-left add_hover  vc_custom_1591589495315'><div class='cws_service_item_wrapper clearfix'><span class='cws_searvice_icon_wrapper cws_searvice_side'><i class='cws_service_icon cws_vc_shortcode_icon_3\u0445 flaticon-gestures-1'><\/i><\/span><div class='cws_service_info'><h6 class='cws_service_title'>La g\u00e9olocalisation des camions transportant la cargaison<\/h6><\/div><\/div><\/div>[\/vc_column_inner][vc_column_inner width=\u00a0\u00bb1\/3&Prime; css=\u00a0\u00bb.vc_custom_1528180570004{padding-right: 0px !important;padding-left: 0px !important;}\u00a0\u00bb]<div id='cws_service_item_69f68d4e5f28c' class='cws_service_item cws_vc_shortcode_module title_beside side_divider a-left add_hover  vc_custom_1591589513071'><div class='cws_service_item_wrapper clearfix'><span class='cws_searvice_icon_wrapper cws_searvice_side'><i class='cws_service_icon cws_vc_shortcode_icon_3\u0445 flaticon-productivity'><\/i><\/span><div class='cws_service_info'><h6 class='cws_service_title'>Le blocage syst\u00e9matique du mouvement du camion en cas de danger et ce sur demande du donneur d&#039;ordre<\/h6><\/div><\/div><\/div>[\/vc_column_inner][\/vc_row_inner][vc_row_inner css=\u00a0\u00bb.vc_custom_1528185842514{margin-top: 0px !important;}\u00a0\u00bb][vc_column_inner width=\u00a0\u00bb1\/3&Prime; css=\u00a0\u00bb.vc_custom_1528180560029{padding-right: 0px !important;padding-left: 0px !important;}\u00a0\u00bb]<div id='cws_service_item_69f68d4e5f565' class='cws_service_item cws_vc_shortcode_module title_beside side_divider a-left add_hover  vc_custom_1591589530961'><div class='cws_service_item_wrapper clearfix'><span class='cws_searvice_icon_wrapper cws_searvice_side'><i class='cws_service_icon cws_vc_shortcode_icon_3\u0445 flaticon-hand'><\/i><\/span><div class='cws_service_info'><h6 class='cws_service_title'>Un syst\u00e8me de sonorisation (alerte) en cas d&#039;accident<\/h6><\/div><\/div><\/div>[\/vc_column_inner][vc_column_inner width=\u00a0\u00bb1\/3&Prime; css=\u00a0\u00bb.vc_custom_1528180565268{padding-right: 0px !important;padding-left: 0px !important;}\u00a0\u00bb]<div id='cws_service_item_69f68d4e5f84a' class='cws_service_item cws_vc_shortcode_module title_beside a-left add_hover  vc_custom_1591589553927'><div class='cws_service_item_wrapper clearfix'><span class='cws_searvice_icon_wrapper cws_searvice_side'><i class='cws_service_icon cws_vc_shortcode_icon_3\u0445 flaticon-gestures-1'><\/i><\/span><div class='cws_service_info'><h6 class='cws_service_title'>Un microphone install\u00e9 dans chaque camion pour communiquer en tout temps avec le chauffeur du tracteur concern\u00e9<\/h6><\/div><\/div><\/div>[\/vc_column_inner][vc_column_inner width=\u00a0\u00bb1\/3&Prime; css=\u00a0\u00bb.vc_custom_1528180570004{padding-right: 0px !important;padding-left: 0px !important;}\u00a0\u00bb]<div id='cws_service_item_69f68d4e5fba5' class='cws_service_item cws_vc_shortcode_module title_beside side_divider a-left add_hover  vc_custom_1591589573526'><div class='cws_service_item_wrapper clearfix'><span class='cws_searvice_icon_wrapper cws_searvice_side'><i class='cws_service_icon cws_vc_shortcode_icon_3\u0445 flaticon-hand'><\/i><\/span><div class='cws_service_info'><h6 class='cws_service_title'>La reprise du service sur un autre moyen de transport analogue dans les deux heures qui suivent l&#039;av\u00e8nement d&#039;un incident majeur sur le moyen de transport, afin d&#039;\u00e9viter une interruption prolong\u00e9e du service<\/h6><\/div><\/div><\/div>[\/vc_column_inner][\/vc_row_inner]<div class=\"cws_spacing cws_spacing_size_sm_desctop-on cws_spacing_tablet-on cws_spacing_mobile-on\"><div class=\"cws_spacing cws_spacing_default\" style=\"height:1px;\"><\/div> <div class=\"cws_spacing cws_spacing_size_sm_desctop\" style=\"height:1px;\"><\/div> <div class=\"cws_spacing cws_spacing_tablet\" style=\"height:1px;\"><\/div> <div class=\"cws_spacing cws_spacing_mobile\" style=\"height:40px;\"><\/div><\/div>[\/vc_column][\/vc_row][vc_row full_width=\u00a0\u00bbstretch_row\u00a0\u00bb css=\u00a0\u00bb.vc_custom_1531372759310{border-top-width: 1px !important;background-color: rgba(39,50,114,0.07) !important;*background-color: rgb(39,50,114) !important;border-top-color: #dee0e9 !important;border-top-style: solid !important;}\u00a0\u00bb][vc_column][\/vc_column][\/vc_row]\n","protected":false},"excerpt":{"rendered":"<p>[vc_row full_width=\u00a0\u00bbstretch_row\u00a0\u00bb equal_height=\u00a0\u00bbyes\u00a0\u00bb css=\u00a0\u00bb.vc_custom_1591589628632{background-color: rgba(39,50,114,0.07) !important;*background-color: rgb(39,50,114) !important;}\u00a0\u00bb][vc_column width=\u00a0\u00bb1\/2&Prime; cws_mobile_paddings=\u00a0\u00bb40px 20px 0px 20px\u00a0\u00bb css=\u00a0\u00bb.vc_custom_1531978175353{padding-top: 1px !important;}\u00a0\u00bb][vc_empty_space][\/vc_column][vc_column width=\u00a0\u00bb1\/2&Prime; bg_cws_repeat=\u00a0\u00bbno-repeat\u00a0\u00bb bg_cws_size=\u00a0\u00bbcover\u00a0\u00bb bg_image_position=\u00a0\u00bbcenter_center\u00a0\u00bb place_ahead=\u00a0\u00bb1&Prime; cws_mobile_paddings=\u00a0\u00bb300px 0px 0px 0px\u00a0\u00bb css=\u00a0\u00bb.vc_custom_1531812503797{background-image: url(http:\/\/givensolutions.net\/wp-content\/uploads\/blank-00cc00.png?id=308) !important;}\u00a0\u00bb][vc_single_image image=\u00a0\u00bb2159&Prime; img_size=\u00a0\u00bbfull\u00a0\u00bb style=\u00a0\u00bbvc_box_border\u00a0\u00bb border_color=\u00a0\u00bbjuicy_pink\u00a0\u00bb][\/vc_column][\/vc_row][vc_row full_width=\u00a0\u00bbstretch_row\u00a0\u00bb css=\u00a0\u00bb.vc_custom_1531210408550{border-top-width: 0px !important;border-top-color: #dee0e9 !important;border-top-style: solid !important;}\u00a0\u00bb][vc_column][vc_row_inner css=\u00a0\u00bb.vc_custom_1528185842514{margin-top: 0px !important;}\u00a0\u00bb][vc_column_inner width=\u00a0\u00bb2\/3&Prime; css=\u00a0\u00bb.vc_custom_1528180560029{padding-right: 0px !important;padding-left: 0px !important;}\u00a0\u00bb][\/vc_column_inner][vc_column_inner width=\u00a0\u00bb1\/3&Prime; css=\u00a0\u00bb.vc_custom_1528180565268{padding-right: 0px !important;padding-left: 0px !important;}\u00a0\u00bb][\/vc_column_inner][\/vc_row_inner][vc_row_inner css=\u00a0\u00bb.vc_custom_1528185842514{margin-top: 0px !important;}\u00a0\u00bb][vc_column_inner width=\u00a0\u00bb1\/3&Prime; css=\u00a0\u00bb.vc_custom_1528180560029{padding-right: 0px !important;padding-left: 0px !important;}\u00a0\u00bb][\/vc_column_inner][vc_column_inner width=\u00a0\u00bb1\/3&Prime; css=\u00a0\u00bb.vc_custom_1528180565268{padding-right: 0px !important;padding-left: 0px !important;}\u00a0\u00bb][\/vc_column_inner][vc_column_inner width=\u00a0\u00bb1\/3&Prime; css=\u00a0\u00bb.vc_custom_1528180570004{padding-right: 0px !important;padding-left: 0px !important;}\u00a0\u00bb][\/vc_column_inner][\/vc_row_inner][vc_row_inner css=\u00a0\u00bb.vc_custom_1528185842514{margin-top: 0px !important;}\u00a0\u00bb][vc_column_inner width=\u00a0\u00bb1\/3&Prime; css=\u00a0\u00bb.vc_custom_1528180560029{padding-right: 0px !important;padding-left: 0px !important;}\u00a0\u00bb][\/vc_column_inner][vc_column_inner width=\u00a0\u00bb1\/3&Prime; css=\u00a0\u00bb.vc_custom_1528180565268{padding-right: 0px !important;padding-left: 0px !important;}\u00a0\u00bb][\/vc_column_inner][vc_column_inner width=\u00a0\u00bb1\/3&Prime; css=\u00a0\u00bb.vc_custom_1528180570004{padding-right: 0px !important;padding-left: 0px !important;}\u00a0\u00bb][\/vc_column_inner][\/vc_row_inner][\/vc_column][\/vc_row][vc_row full_width=\u00a0\u00bbstretch_row\u00a0\u00bb css=\u00a0\u00bb.vc_custom_1531372759310{border-top-width: 1px !important;background-color: rgba(39,50,114,0.07) !important;*background-color: rgb(39,50,114) !important;border-top-color: #dee0e9 !important;border-top-style: solid !important;}\u00a0\u00bb][vc_column][\/vc_column][\/vc_row]<\/p>\n","protected":false},"author":1,"featured_media":0,"parent":0,"menu_order":0,"comment_status":"closed","ping_status":"closed","template":"","meta":{"footnotes":""},"class_list":["post-2204","page","type-page","status-publish","hentry"],"_links":{"self":[{"href":"https:\/\/givensolutions.net\/index.php?rest_route=\/wp\/v2\/pages\/2204","targetHints":{"allow":["GET"]}}],"collection":[{"href":"https:\/\/givensolutions.net\/index.php?rest_route=\/wp\/v2\/pages"}],"about":[{"href":"https:\/\/givensolutions.net\/index.php?rest_route=\/wp\/v2\/types\/page"}],"author":[{"embeddable":true,"href":"https:\/\/givensolutions.net\/index.php?rest_route=\/wp\/v2\/users\/1"}],"replies":[{"embeddable":true,"href":"https:\/\/givensolutions.net\/index.php?rest_route=%2Fwp%2Fv2%2Fcomments&post=2204"}],"version-history":[{"count":12,"href":"https:\/\/givensolutions.net\/index.php?rest_route=\/wp\/v2\/pages\/2204\/revisions"}],"predecessor-version":[{"id":2326,"href":"https:\/\/givensolutions.net\/index.php?rest_route=\/wp\/v2\/pages\/2204\/revisions\/2326"}],"wp:attachment":[{"href":"https:\/\/givensolutions.net\/index.php?rest_route=%2Fwp%2Fv2%2Fmedia&parent=2204"}],"curies":[{"name":"wp","href":"https:\/\/api.w.org\/{rel}","templated":true}]}}